{"id":31476,"date":"2025-10-03T11:58:09","date_gmt":"2025-10-03T11:58:09","guid":{"rendered":"https:\/\/fedorawines.com\/shop-test\/"},"modified":"2026-04-02T10:35:50","modified_gmt":"2026-04-02T10:35:50","slug":"shop-test","status":"publish","type":"page","link":"https:\/\/fedorawines.com\/sl\/shop-test\/","title":{"rendered":"Shop test"},"content":{"rendered":"\t\t<div data-elementor-type=\"wp-page\" data-elementor-id=\"31476\" class=\"elementor elementor-31476 elementor-30464\" data-elementor-post-type=\"page\">\n\t\t\t\t<div class=\"elementor-element elementor-element-521bbde e-flex e-con-boxed neuron-fixed-no e-con e-parent\" data-id=\"521bbde\" data-element_type=\"container\" data-e-type=\"container\">\n\t\t\t\t\t<div class=\"e-con-inner\">\n\t\t\t\t<div class=\"elementor-element elementor-element-03ea82b elementor-widget elementor-widget-heading\" data-id=\"03ea82b\" data-element_type=\"widget\" data-e-type=\"widget\" data-widget_type=\"heading.default\">\n\t\t\t\t\t<h1 class=\"elementor-heading-title elementor-size-default\">Na\u0161a vina<\/h1>\t\t\t\t<\/div>\n\t\t<div class=\"elementor-element elementor-element-f6d6e54 e-con-full e-flex neuron-fixed-no e-con e-child\" data-id=\"f6d6e54\" data-element_type=\"container\" data-e-type=\"container\">\n\t\t<div class=\"elementor-element elementor-element-25b161a e-con-full e-flex neuron-fixed-no e-con e-child\" data-id=\"25b161a\" data-element_type=\"container\" data-e-type=\"container\">\n\t\t<div class=\"elementor-element elementor-element-d674da0 e-con-full wine-container e-flex neuron-fixed-no e-con e-child\" data-id=\"d674da0\" data-element_type=\"container\" data-e-type=\"container\" data-settings=\"{&quot;background_background&quot;:&quot;classic&quot;}\">\n\t\t\t\t<div class=\"elementor-element elementor-element-35a70d8 elementor-widget elementor-widget-image\" data-id=\"35a70d8\" data-element_type=\"widget\" data-e-type=\"widget\" data-widget_type=\"image.default\">\n\t\t\t\t\t\t\t\t\t\t\t\t\t\t\t\t<a href=\"http:\/\/produkt\/pinela-365\/\">\n\t\t\t\t\t\t\t<img fetchpriority=\"high\" decoding=\"async\" width=\"568\" height=\"736\" src=\"https:\/\/fedorawines.com\/wp-content\/uploads\/2025\/09\/pinela-1.png\" class=\"elementor-animation-grow attachment-full size-full wp-image-31301\" alt=\"\" srcset=\"https:\/\/fedorawines.com\/wp-content\/uploads\/2025\/09\/pinela-1.png 568w, https:\/\/fedorawines.com\/wp-content\/uploads\/2025\/09\/pinela-1-232x300.png 232w\" sizes=\"(max-width: 568px) 100vw, 568px\" \/>\t\t\t\t\t\t\t\t<\/a>\n\t\t\t\t\t\t\t\t\t\t\t\t\t\t\t<\/div>\n\t\t\t\t<div class=\"elementor-element elementor-element-5a10db7 elementor-add-to-cart--align-justify hover-button elementor-widget elementor-widget-wc-add-to-cart\" data-id=\"5a10db7\" data-element_type=\"widget\" data-e-type=\"widget\" data-widget_type=\"wc-add-to-cart.default\">\n\t\t\t\t\t\t\t\t\t\t<a rel=\"nofollow\" href=\"\/sl\/wp-json\/wp\/v2\/pages\/31476?add-to-cart=31568\" data-quantity=\"1\" data-product_id=\"31568\" class=\"product_type_simple add_to_cart_button ajax_add_to_cart elementor-button elementor-size-lg\" role=\"button\">\n\t\t\t\t\t\t<span class=\"elementor-button-content-wrapper\">\n\t\t\t\t\t\t\t\t\t<span class=\"elementor-button-text\">Dodajte v ko\u0161arico<\/span>\n\t\t\t\t\t<\/span>\n\t\t\t\t\t<\/a>\n\t\t\t\t\t\t\t\t<\/div>\n\t\t\t\t<\/div>\n\t\t\t\t<div class=\"elementor-element elementor-element-16a567e elementor-widget elementor-widget-heading\" data-id=\"16a567e\" data-element_type=\"widget\" data-e-type=\"widget\" data-widget_type=\"heading.default\">\n\t\t\t\t\t<h2 class=\"elementor-heading-title elementor-size-default\"><a href=\"http:\/\/produkt\/pinela-365\/\">Pinela 365<\/a><\/h2>\t\t\t\t<\/div>\n\t\t\t\t<\/div>\n\t\t<div class=\"elementor-element elementor-element-c77ca1c e-con-full e-flex neuron-fixed-no e-con e-child\" data-id=\"c77ca1c\" data-element_type=\"container\" data-e-type=\"container\">\n\t\t<div class=\"elementor-element elementor-element-80ac9ea e-con-full wine-container e-flex neuron-fixed-no e-con e-child\" data-id=\"80ac9ea\" data-element_type=\"container\" data-e-type=\"container\" data-settings=\"{&quot;background_background&quot;:&quot;classic&quot;}\">\n\t\t\t\t<div class=\"elementor-element elementor-element-816a0d8 elementor-widget elementor-widget-image\" data-id=\"816a0d8\" data-element_type=\"widget\" data-e-type=\"widget\" data-widget_type=\"image.default\">\n\t\t\t\t\t\t\t\t\t\t\t\t\t\t\t\t<a href=\"https:\/\/fedorawines.com\/product\/goli-breg-red\/\">\n\t\t\t\t\t\t\t<img decoding=\"async\" width=\"568\" height=\"736\" src=\"https:\/\/fedorawines.com\/wp-content\/uploads\/2025\/09\/goli-breg-1.png\" class=\"elementor-animation-grow attachment-large size-large wp-image-31302\" alt=\"\" srcset=\"https:\/\/fedorawines.com\/wp-content\/uploads\/2025\/09\/goli-breg-1.png 568w, https:\/\/fedorawines.com\/wp-content\/uploads\/2025\/09\/goli-breg-1-232x300.png 232w\" sizes=\"(max-width: 568px) 100vw, 568px\" \/>\t\t\t\t\t\t\t\t<\/a>\n\t\t\t\t\t\t\t\t\t\t\t\t\t\t\t<\/div>\n\t\t\t\t<div class=\"elementor-element elementor-element-acb2159 elementor-add-to-cart--align-justify hover-button elementor-widget elementor-widget-wc-add-to-cart\" data-id=\"acb2159\" data-element_type=\"widget\" data-e-type=\"widget\" data-widget_type=\"wc-add-to-cart.default\">\n\t\t\t\t\t\t\t\t\t\t<a rel=\"nofollow\" href=\"\/sl\/wp-json\/wp\/v2\/pages\/31476?add-to-cart=31605\" data-quantity=\"1\" data-product_id=\"31605\" class=\"product_type_simple add_to_cart_button ajax_add_to_cart elementor-button elementor-size-lg\" role=\"button\">\n\t\t\t\t\t\t<span class=\"elementor-button-content-wrapper\">\n\t\t\t\t\t\t\t\t\t<span class=\"elementor-button-text\">Dodajte v ko\u0161arico<\/span>\n\t\t\t\t\t<\/span>\n\t\t\t\t\t<\/a>\n\t\t\t\t\t\t\t\t<\/div>\n\t\t\t\t<\/div>\n\t\t\t\t<div class=\"elementor-element elementor-element-07abc80 elementor-widget elementor-widget-heading\" data-id=\"07abc80\" data-element_type=\"widget\" data-e-type=\"widget\" data-widget_type=\"heading.default\">\n\t\t\t\t\t<h2 class=\"elementor-heading-title elementor-size-default\"><a href=\"https:\/\/fedorawines.com\/product\/goli-breg-red\/\">Goli Breg - rde\u010de vino<\/a><\/h2>\t\t\t\t<\/div>\n\t\t\t\t<\/div>\n\t\t<div class=\"elementor-element elementor-element-0125cd0 e-con-full e-flex neuron-fixed-no e-con e-child\" data-id=\"0125cd0\" data-element_type=\"container\" data-e-type=\"container\">\n\t\t<div class=\"elementor-element elementor-element-78dcbef e-con-full wine-container e-flex neuron-fixed-no e-con e-child\" data-id=\"78dcbef\" data-element_type=\"container\" data-e-type=\"container\" data-settings=\"{&quot;background_background&quot;:&quot;classic&quot;}\">\n\t\t\t\t<div class=\"elementor-element elementor-element-8abcefe elementor-widget elementor-widget-image\" data-id=\"8abcefe\" data-element_type=\"widget\" data-e-type=\"widget\" data-widget_type=\"image.default\">\n\t\t\t\t\t\t\t\t\t\t\t\t\t\t\t\t<a href=\"https:\/\/fedorawines.com\/product\/goli-breg-white\/\">\n\t\t\t\t\t\t\t<img decoding=\"async\" width=\"568\" height=\"736\" src=\"https:\/\/fedorawines.com\/wp-content\/uploads\/2025\/09\/goli-breg-beli-1.png\" class=\"elementor-animation-grow attachment-large size-large wp-image-31303\" alt=\"\" srcset=\"https:\/\/fedorawines.com\/wp-content\/uploads\/2025\/09\/goli-breg-beli-1.png 568w, https:\/\/fedorawines.com\/wp-content\/uploads\/2025\/09\/goli-breg-beli-1-232x300.png 232w\" sizes=\"(max-width: 568px) 100vw, 568px\" \/>\t\t\t\t\t\t\t\t<\/a>\n\t\t\t\t\t\t\t\t\t\t\t\t\t\t\t<\/div>\n\t\t\t\t<div class=\"elementor-element elementor-element-4b2cabf elementor-add-to-cart--align-justify hover-button elementor-widget elementor-widget-wc-add-to-cart\" data-id=\"4b2cabf\" data-element_type=\"widget\" data-e-type=\"widget\" data-widget_type=\"wc-add-to-cart.default\">\n\t\t\t\t\t\t\t\t\t\t<a rel=\"nofollow\" href=\"\/sl\/wp-json\/wp\/v2\/pages\/31476?add-to-cart=31585\" data-quantity=\"1\" data-product_id=\"31585\" class=\"product_type_simple add_to_cart_button ajax_add_to_cart elementor-button elementor-size-lg\" role=\"button\">\n\t\t\t\t\t\t<span class=\"elementor-button-content-wrapper\">\n\t\t\t\t\t\t\t\t\t<span class=\"elementor-button-text\">Dodajte v ko\u0161arico<\/span>\n\t\t\t\t\t<\/span>\n\t\t\t\t\t<\/a>\n\t\t\t\t\t\t\t\t<\/div>\n\t\t\t\t<\/div>\n\t\t\t\t<div class=\"elementor-element elementor-element-3d266f9 elementor-widget elementor-widget-heading\" data-id=\"3d266f9\" data-element_type=\"widget\" data-e-type=\"widget\" data-widget_type=\"heading.default\">\n\t\t\t\t\t<h2 class=\"elementor-heading-title elementor-size-default\"><a href=\"https:\/\/fedorawines.com\/product\/goli-breg-white\/\">Goli Breg - belo vino<\/a><\/h2>\t\t\t\t<\/div>\n\t\t\t\t<\/div>\n\t\t<div class=\"elementor-element elementor-element-67a51fa e-con-full e-flex neuron-fixed-no e-con e-child\" data-id=\"67a51fa\" data-element_type=\"container\" data-e-type=\"container\">\n\t\t<div class=\"elementor-element elementor-element-036264b e-con-full wine-container e-flex neuron-fixed-no e-con e-child\" data-id=\"036264b\" data-element_type=\"container\" data-e-type=\"container\" data-settings=\"{&quot;background_background&quot;:&quot;classic&quot;}\">\n\t\t\t\t<div class=\"elementor-element elementor-element-6835a41 elementor-widget elementor-widget-image\" data-id=\"6835a41\" data-element_type=\"widget\" data-e-type=\"widget\" data-widget_type=\"image.default\">\n\t\t\t\t\t\t\t\t\t\t\t\t\t\t\t\t<a href=\"https:\/\/fedorawines.com\/product\/the-last-waltz-chardonnay\/\">\n\t\t\t\t\t\t\t<img loading=\"lazy\" decoding=\"async\" width=\"568\" height=\"736\" src=\"https:\/\/fedorawines.com\/wp-content\/uploads\/2025\/09\/chardonnay-1.png\" class=\"elementor-animation-grow attachment-large size-large wp-image-31304\" alt=\"\" srcset=\"https:\/\/fedorawines.com\/wp-content\/uploads\/2025\/09\/chardonnay-1.png 568w, https:\/\/fedorawines.com\/wp-content\/uploads\/2025\/09\/chardonnay-1-232x300.png 232w\" sizes=\"(max-width: 568px) 100vw, 568px\" \/>\t\t\t\t\t\t\t\t<\/a>\n\t\t\t\t\t\t\t\t\t\t\t\t\t\t\t<\/div>\n\t\t\t\t<div class=\"elementor-element elementor-element-19210bc elementor-add-to-cart--align-justify hover-button elementor-widget elementor-widget-wc-add-to-cart\" data-id=\"19210bc\" data-element_type=\"widget\" data-e-type=\"widget\" data-widget_type=\"wc-add-to-cart.default\">\n\t\t\t\t\t\t\t\t\t\t<a rel=\"nofollow\" href=\"\/sl\/wp-json\/wp\/v2\/pages\/31476?add-to-cart=31640\" data-quantity=\"1\" data-product_id=\"31640\" class=\"product_type_simple add_to_cart_button ajax_add_to_cart elementor-button elementor-size-lg\" role=\"button\">\n\t\t\t\t\t\t<span class=\"elementor-button-content-wrapper\">\n\t\t\t\t\t\t\t\t\t<span class=\"elementor-button-text\">Dodajte v ko\u0161arico<\/span>\n\t\t\t\t\t<\/span>\n\t\t\t\t\t<\/a>\n\t\t\t\t\t\t\t\t<\/div>\n\t\t\t\t<\/div>\n\t\t\t\t<div class=\"elementor-element elementor-element-830153d elementor-widget elementor-widget-heading\" data-id=\"830153d\" data-element_type=\"widget\" data-e-type=\"widget\" data-widget_type=\"heading.default\">\n\t\t\t\t\t<h2 class=\"elementor-heading-title elementor-size-default\"><a href=\"https:\/\/fedorawines.com\/product\/the-last-waltz-chardonnay\/\">The Last Waltz - Chardonnay<\/a><\/h2>\t\t\t\t<\/div>\n\t\t\t\t<\/div>\n\t\t\t\t<\/div>\n\t\t\t\t\t<\/div>\n\t\t\t\t<\/div>\n\t\t\t\t<\/div>\n\t\t","protected":false},"excerpt":{"rendered":"<p>Na\u0161a vina Dodajte v ko\u0161arico Pinela 365 Dodajte v ko\u0161arico Goli Breg &#8211; rde\u010de vino Dodajte v ko\u0161arico&#8230;<\/p>\n","protected":false},"author":1,"featured_media":0,"parent":0,"menu_order":0,"comment_status":"closed","ping_status":"closed","template":"","meta":{"_acf_changed":false,"_monsterinsights_skip_tracking":false,"_monsterinsights_sitenote_active":false,"_monsterinsights_sitenote_note":"","_monsterinsights_sitenote_category":0,"footnotes":""},"class_list":["post-31476","page","type-page","status-publish","hentry"],"acf":[],"aioseo_notices":[],"_links":{"self":[{"href":"https:\/\/fedorawines.com\/sl\/wp-json\/wp\/v2\/pages\/31476","targetHints":{"allow":["GET"]}}],"collection":[{"href":"https:\/\/fedorawines.com\/sl\/wp-json\/wp\/v2\/pages"}],"about":[{"href":"https:\/\/fedorawines.com\/sl\/wp-json\/wp\/v2\/types\/page"}],"author":[{"embeddable":true,"href":"https:\/\/fedorawines.com\/sl\/wp-json\/wp\/v2\/users\/1"}],"replies":[{"embeddable":true,"href":"https:\/\/fedorawines.com\/sl\/wp-json\/wp\/v2\/comments?post=31476"}],"version-history":[{"count":1,"href":"https:\/\/fedorawines.com\/sl\/wp-json\/wp\/v2\/pages\/31476\/revisions"}],"predecessor-version":[{"id":31477,"href":"https:\/\/fedorawines.com\/sl\/wp-json\/wp\/v2\/pages\/31476\/revisions\/31477"}],"wp:attachment":[{"href":"https:\/\/fedorawines.com\/sl\/wp-json\/wp\/v2\/media?parent=31476"}],"curies":[{"name":"wp","href":"https:\/\/api.w.org\/{rel}","templated":true}]}}