{"id":31481,"date":"2025-10-23T07:23:30","date_gmt":"2025-10-23T07:23:30","guid":{"rendered":"https:\/\/fedorawines.com\/pogovor-z-valterjem\/"},"modified":"2026-04-10T12:51:15","modified_gmt":"2026-04-10T12:51:15","slug":"pogovor-z-valterjem","status":"publish","type":"page","link":"https:\/\/fedorawines.com\/sl\/pogovor-z-valterjem\/","title":{"rendered":"Pogovor z Valterjem"},"content":{"rendered":"\t\t<div data-elementor-type=\"wp-page\" data-elementor-id=\"31481\" class=\"elementor elementor-31481 elementor-30688\" data-elementor-post-type=\"page\">\n\t\t\t\t<div class=\"elementor-element elementor-element-64f97b4 e-flex e-con-boxed neuron-fixed-no e-con e-parent\" data-id=\"64f97b4\" data-element_type=\"container\" data-e-type=\"container\" data-settings=\"{&quot;background_background&quot;:&quot;classic&quot;}\">\n\t\t\t\t\t<div class=\"e-con-inner\">\n\t\t\t\t<div class=\"elementor-element elementor-element-ed03a06 elementor-widget elementor-widget-heading\" data-id=\"ed03a06\" data-element_type=\"widget\" data-e-type=\"widget\" data-widget_type=\"heading.default\">\n\t\t\t\t\t<h1 class=\"elementor-heading-title elementor-size-default\">Pogovor z Valterjem<\/h1>\t\t\t\t<\/div>\n\t\t\t\t\t<\/div>\n\t\t\t\t<\/div>\n\t\t<div class=\"elementor-element elementor-element-20ee8ad elementor-hidden-mobile e-flex e-con-boxed neuron-fixed-no e-con e-parent\" data-id=\"20ee8ad\" data-element_type=\"container\" data-e-type=\"container\">\n\t\t\t\t\t<div class=\"e-con-inner\">\n\t\t\t\t<div class=\"elementor-element elementor-element-d01ab3e elementor-absolute elementor-hidden-mobile elementor-hidden-tablet elementor-widget elementor-widget-image\" data-id=\"d01ab3e\" data-element_type=\"widget\" data-e-type=\"widget\" data-settings=\"{&quot;_position&quot;:&quot;absolute&quot;}\" data-widget_type=\"image.default\">\n\t\t\t\t\t\t\t\t\t\t\t\t\t\t\t<img fetchpriority=\"high\" decoding=\"async\" width=\"238\" height=\"421\" src=\"https:\/\/fedorawines.com\/wp-content\/uploads\/2025\/08\/illustration1.png\" class=\"attachment-full size-full wp-image-31337\" alt=\"\" srcset=\"https:\/\/fedorawines.com\/wp-content\/uploads\/2025\/08\/illustration1.png 238w, https:\/\/fedorawines.com\/wp-content\/uploads\/2025\/08\/illustration1-100x177.png 100w, https:\/\/fedorawines.com\/wp-content\/uploads\/2025\/08\/illustration1-170x300.png 170w\" sizes=\"(max-width: 238px) 100vw, 238px\" \/>\t\t\t\t\t\t\t\t\t\t\t\t\t\t\t<\/div>\n\t\t\t\t\t<\/div>\n\t\t\t\t<\/div>\n\t\t<div class=\"elementor-element elementor-element-af848d3 e-flex e-con-boxed neuron-fixed-no e-con e-parent\" data-id=\"af848d3\" data-element_type=\"container\" data-e-type=\"container\">\n\t\t\t\t\t<div class=\"e-con-inner\">\n\t\t\t\t<div class=\"elementor-element elementor-element-f39e11f elementor-absolute elementor-hidden-mobile elementor-hidden-tablet elementor-widget elementor-widget-image\" data-id=\"f39e11f\" data-element_type=\"widget\" data-e-type=\"widget\" data-settings=\"{&quot;_position&quot;:&quot;absolute&quot;}\" data-widget_type=\"image.default\">\n\t\t\t\t\t\t\t\t\t\t\t\t\t\t\t<img decoding=\"async\" width=\"217\" height=\"329\" src=\"https:\/\/fedorawines.com\/wp-content\/uploads\/2025\/08\/illustration2.png\" class=\"attachment-full size-full wp-image-31342\" alt=\"\" srcset=\"https:\/\/fedorawines.com\/wp-content\/uploads\/2025\/08\/illustration2.png 217w, https:\/\/fedorawines.com\/wp-content\/uploads\/2025\/08\/illustration2-100x152.png 100w, https:\/\/fedorawines.com\/wp-content\/uploads\/2025\/08\/illustration2-198x300.png 198w\" sizes=\"(max-width: 217px) 100vw, 217px\" \/>\t\t\t\t\t\t\t\t\t\t\t\t\t\t\t<\/div>\n\t\t\t\t\t<\/div>\n\t\t\t\t<\/div>\n\t\t<div class=\"elementor-element elementor-element-0942dd8 e-flex e-con-boxed neuron-fixed-no e-con e-parent\" data-id=\"0942dd8\" data-element_type=\"container\" data-e-type=\"container\">\n\t\t\t\t\t<div class=\"e-con-inner\">\n\t\t<div class=\"elementor-element elementor-element-e281a4c e-con-full e-flex neuron-fixed-no e-con e-child\" data-id=\"e281a4c\" data-element_type=\"container\" data-e-type=\"container\">\n\t\t\t\t<div class=\"elementor-element elementor-element-57f20f7 elementor-widget elementor-widget-text-editor\" data-id=\"57f20f7\" data-element_type=\"widget\" data-e-type=\"widget\" data-widget_type=\"text-editor.default\">\n\t\t\t\t\t\t\t\t\t<p>\u017deli\u0161 vedeti ve\u010d o Fedora vinih?<\/p>\t\t\t\t\t\t\t\t<\/div>\n\t\t\t\t<div class=\"elementor-element elementor-element-b71b720 elementor-widget elementor-widget-text-editor\" data-id=\"b71b720\" data-element_type=\"widget\" data-e-type=\"widget\" data-widget_type=\"text-editor.default\">\n\t\t\t\t\t\t\t\t\t<p>Vpra\u0161aj Valterja!<\/p>\t\t\t\t\t\t\t\t<\/div>\n\t\t\t\t<\/div>\n\t\t\t\t\t<\/div>\n\t\t\t\t<\/div>\n\t\t<div class=\"elementor-element elementor-element-05d0ed7 e-flex e-con-boxed neuron-fixed-no e-con e-parent\" data-id=\"05d0ed7\" data-element_type=\"container\" data-e-type=\"container\">\n\t\t\t\t\t<div class=\"e-con-inner\">\n\t\t<div class=\"elementor-element elementor-element-599ba3d e-con-full e-flex neuron-fixed-no e-con e-child\" data-id=\"599ba3d\" data-element_type=\"container\" data-e-type=\"container\">\n\t\t\t\t<div class=\"elementor-element elementor-element-a53f6fb elementor-widget elementor-widget-fedora-streaming-avatar\" data-id=\"a53f6fb\" data-element_type=\"widget\" data-e-type=\"widget\" data-widget_type=\"fedora-streaming-avatar.default\">\n\t\t\t\t<div class=\"elementor-widget-container\">\n\t\t\t\t\t        <div class=\"fedora-streaming-avatar-container\"\n             id=\"fedora-avatar-a53f6fb\"\n             data-api-key=\"vRxkMU9OF6zrjba8kFZHu9UBGn9vnQhK\"\n             data-avatar-id=\"ecUozMT9E7XWa0wdaNcx1\"\n             data-duration=\"600\"\n             data-knowledge-id=\"68e8ff2dab254df007acb3ed\"\n             data-voice-id=\"\"\n             data-language=\"en\">\n\n            <!-- Video Container -->\n            <div class=\"fedora-avatar-video-wrapper\">\n                <!-- Status indicator -->\n                <div class=\"fedora-avatar-status status-connecting\">\n                    <span class=\"status-indicator\"><\/span>\n                    <span>Initializing...<\/span>\n                <\/div>\n\n                <!-- Loading overlay -->\n                <div class=\"fedora-avatar-loading\">\n                    <div class=\"spinner\"><\/div>\n                <\/div>\n\n                <!-- Video element -->\n                <div class=\"fedora-avatar-video\" id=\"fedora-avatar-a53f6fb-video\"><\/div>\n            <\/div>\n\n            <!-- Error display -->\n            <div class=\"fedora-avatar-error\" style=\"display: none;\"><\/div>\n\n            <!-- Chat Interface -->\n            <div class=\"fedora-avatar-chat\">\n                <!-- Messages container -->\n                <div class=\"fedora-avatar-messages\">\n                    <div class=\"fedora-messages-empty\">\n                        Start a conversation with the avatar...                    <\/div>\n                <\/div>\n\n                <!-- Input area -->\n                <div class=\"fedora-avatar-input-wrapper\">\n                    <textarea\n                        class=\"fedora-avatar-input\"\n                        placeholder=\"Napi\u0161ite svoje vpra\u0161anje.\"\n                        rows=\"1\"><\/textarea>\n                    <button class=\"fedora-avatar-send-btn\" type=\"button\">\n                        Po\u0161lji                    <\/button>\n                <\/div>\n            <\/div>\n\n            \n        <\/div>\n        \t\t\t\t<\/div>\n\t\t\t\t<\/div>\n\t\t\t\t<\/div>\n\t\t\t\t\t<\/div>\n\t\t\t\t<\/div>\n\t\t<div class=\"elementor-element elementor-element-445b13d e-flex e-con-boxed neuron-fixed-no e-con e-parent\" data-id=\"445b13d\" data-element_type=\"container\" data-e-type=\"container\">\n\t\t\t\t\t<div class=\"e-con-inner\">\n\t\t<div class=\"elementor-element elementor-element-a4c15e1 e-con-full e-flex neuron-fixed-no e-con e-child\" data-id=\"a4c15e1\" data-element_type=\"container\" data-e-type=\"container\">\n\t\t\t\t<div class=\"elementor-element elementor-element-9db8d2e elementor-widget__width-initial elementor-widget elementor-widget-text-editor\" data-id=\"9db8d2e\" data-element_type=\"widget\" data-e-type=\"widget\" data-widget_type=\"text-editor.default\">\n\t\t\t\t\t\t\t\t\t<p>Ta projekt sofinancira Evropska unija v okviru programa SMARTIES za mala in srednje velika podjetja.<br>Projekt S1298 je posredno prejel sredstva iz programa Evropske unije za enotni trg prek razpisa SMARTIES za inovativne projekte, ki je bil izdan in izveden v okviru projekta SMARTIES za mala in srednje velika podjetja (\u0161t. sporazuma o dodelitvi nepovratnih sredstev 101121576).<\/p>\t\t\t\t\t\t\t\t<\/div>\n\t\t\t\t<\/div>\n\t\t\t\t\t<\/div>\n\t\t\t\t<\/div>\n\t\t<div class=\"elementor-element elementor-element-6d469e3 e-flex e-con-boxed neuron-fixed-no e-con e-parent\" data-id=\"6d469e3\" data-element_type=\"container\" data-e-type=\"container\">\n\t\t\t\t\t<div class=\"e-con-inner\">\n\t\t<div class=\"elementor-element elementor-element-086715a e-con-full e-flex neuron-fixed-no e-con e-child\" data-id=\"086715a\" data-element_type=\"container\" data-e-type=\"container\">\n\t\t\t\t<div class=\"elementor-element elementor-element-fbf1041 elementor-widget elementor-widget-image\" data-id=\"fbf1041\" data-element_type=\"widget\" data-e-type=\"widget\" data-widget_type=\"image.default\">\n\t\t\t\t\t\t\t\t\t\t\t\t\t\t\t<img decoding=\"async\" width=\"1024\" height=\"347\" src=\"https:\/\/fedorawines.com\/wp-content\/uploads\/2026\/02\/OOZ-MB-1024x347.png\" class=\"attachment-large size-large wp-image-31479\" alt=\"\" srcset=\"https:\/\/fedorawines.com\/wp-content\/uploads\/2026\/02\/OOZ-MB-1024x347.png 1024w, https:\/\/fedorawines.com\/wp-content\/uploads\/2026\/02\/OOZ-MB-300x102.png 300w, https:\/\/fedorawines.com\/wp-content\/uploads\/2026\/02\/OOZ-MB-768x260.png 768w, https:\/\/fedorawines.com\/wp-content\/uploads\/2026\/02\/OOZ-MB-1536x521.png 1536w, https:\/\/fedorawines.com\/wp-content\/uploads\/2026\/02\/OOZ-MB-2048x694.png 2048w, https:\/\/fedorawines.com\/wp-content\/uploads\/2026\/02\/OOZ-MB.png 2248w\" sizes=\"(max-width: 1024px) 100vw, 1024px\" \/>\t\t\t\t\t\t\t\t\t\t\t\t\t\t\t<\/div>\n\t\t\t\t<\/div>\n\t\t<div class=\"elementor-element elementor-element-bc08652 e-con-full e-flex neuron-fixed-no e-con e-child\" data-id=\"bc08652\" data-element_type=\"container\" data-e-type=\"container\">\n\t\t\t\t<div class=\"elementor-element elementor-element-8326683 elementor-widget elementor-widget-image\" data-id=\"8326683\" data-element_type=\"widget\" data-e-type=\"widget\" data-widget_type=\"image.default\">\n\t\t\t\t\t\t\t\t\t\t\t\t\t\t\t<img loading=\"lazy\" decoding=\"async\" width=\"1024\" height=\"400\" src=\"https:\/\/fedorawines.com\/wp-content\/uploads\/2026\/02\/SMARTIES_LOGO-1024x400.png\" class=\"attachment-large size-large wp-image-31480\" alt=\"\" srcset=\"https:\/\/fedorawines.com\/wp-content\/uploads\/2026\/02\/SMARTIES_LOGO-1024x400.png 1024w, https:\/\/fedorawines.com\/wp-content\/uploads\/2026\/02\/SMARTIES_LOGO-300x117.png 300w, https:\/\/fedorawines.com\/wp-content\/uploads\/2026\/02\/SMARTIES_LOGO-768x300.png 768w, https:\/\/fedorawines.com\/wp-content\/uploads\/2026\/02\/SMARTIES_LOGO-1536x599.png 1536w, https:\/\/fedorawines.com\/wp-content\/uploads\/2026\/02\/SMARTIES_LOGO.png 1594w\" sizes=\"(max-width: 1024px) 100vw, 1024px\" \/>\t\t\t\t\t\t\t\t\t\t\t\t\t\t\t<\/div>\n\t\t\t\t<\/div>\n\t\t\t\t\t<\/div>\n\t\t\t\t<\/div>\n\t\t\t\t<\/div>\n\t\t","protected":false},"excerpt":{"rendered":"<p>Pogovor z Valterjem \u017deli\u0161 vedeti ve\u010d o Fedora vinih? Vpra\u0161aj Valterja! Initializing&#8230; Start a conversation with the avatar&#8230;&#8230;<\/p>\n","protected":false},"author":1,"featured_media":0,"parent":0,"menu_order":0,"comment_status":"closed","ping_status":"closed","template":"elementor_header_footer","meta":{"_acf_changed":false,"_monsterinsights_skip_tracking":false,"_monsterinsights_sitenote_active":false,"_monsterinsights_sitenote_note":"","_monsterinsights_sitenote_category":0,"footnotes":""},"class_list":["post-31481","page","type-page","status-publish","hentry"],"acf":[],"aioseo_notices":[],"_links":{"self":[{"href":"https:\/\/fedorawines.com\/sl\/wp-json\/wp\/v2\/pages\/31481","targetHints":{"allow":["GET"]}}],"collection":[{"href":"https:\/\/fedorawines.com\/sl\/wp-json\/wp\/v2\/pages"}],"about":[{"href":"https:\/\/fedorawines.com\/sl\/wp-json\/wp\/v2\/types\/page"}],"author":[{"embeddable":true,"href":"https:\/\/fedorawines.com\/sl\/wp-json\/wp\/v2\/users\/1"}],"replies":[{"embeddable":true,"href":"https:\/\/fedorawines.com\/sl\/wp-json\/wp\/v2\/comments?post=31481"}],"version-history":[{"count":6,"href":"https:\/\/fedorawines.com\/sl\/wp-json\/wp\/v2\/pages\/31481\/revisions"}],"predecessor-version":[{"id":31870,"href":"https:\/\/fedorawines.com\/sl\/wp-json\/wp\/v2\/pages\/31481\/revisions\/31870"}],"wp:attachment":[{"href":"https:\/\/fedorawines.com\/sl\/wp-json\/wp\/v2\/media?parent=31481"}],"curies":[{"name":"wp","href":"https:\/\/api.w.org\/{rel}","templated":true}]}}