{"id":31892,"date":"2026-04-22T09:56:25","date_gmt":"2026-04-22T09:56:25","guid":{"rendered":"https:\/\/fedorawines.com\/?page_id=31892"},"modified":"2026-04-22T10:07:25","modified_gmt":"2026-04-22T10:07:25","slug":"obiscite-nas","status":"publish","type":"page","link":"https:\/\/fedorawines.com\/sl\/obiscite-nas\/","title":{"rendered":"Obi\u0161\u010dite nas"},"content":{"rendered":"\t\t<div data-elementor-type=\"wp-page\" data-elementor-id=\"31892\" class=\"elementor elementor-31892 elementor-31891\" data-elementor-post-type=\"page\">\n\t\t\t\t<div class=\"elementor-element elementor-element-64f97b4 e-flex e-con-boxed neuron-fixed-no e-con e-parent\" data-id=\"64f97b4\" data-element_type=\"container\" data-e-type=\"container\" data-settings=\"{&quot;background_background&quot;:&quot;classic&quot;}\">\n\t\t\t\t\t<div class=\"e-con-inner\">\n\t\t\t\t<div class=\"elementor-element elementor-element-ed03a06 elementor-widget elementor-widget-heading\" data-id=\"ed03a06\" data-element_type=\"widget\" data-e-type=\"widget\" data-widget_type=\"heading.default\">\n\t\t\t\t\t<h1 class=\"elementor-heading-title elementor-size-default\">Obi\u0161\u010dite nas<\/h1>\t\t\t\t<\/div>\n\t\t\t\t\t<\/div>\n\t\t\t\t<\/div>\n\t\t<div class=\"elementor-element elementor-element-20ee8ad e-flex e-con-boxed neuron-fixed-no e-con e-parent\" data-id=\"20ee8ad\" data-element_type=\"container\" data-e-type=\"container\">\n\t\t\t\t\t<div class=\"e-con-inner\">\n\t\t\t\t<div class=\"elementor-element elementor-element-d01ab3e elementor-absolute elementor-hidden-mobile elementor-widget elementor-widget-image\" data-id=\"d01ab3e\" data-element_type=\"widget\" data-e-type=\"widget\" data-settings=\"{&quot;_position&quot;:&quot;absolute&quot;}\" data-widget_type=\"image.default\">\n\t\t\t\t\t\t\t\t\t\t\t\t\t\t\t<img fetchpriority=\"high\" decoding=\"async\" width=\"238\" height=\"421\" src=\"https:\/\/fedorawines.com\/wp-content\/uploads\/2025\/08\/illustration1.png\" class=\"attachment-full size-full wp-image-31337\" alt=\"\" srcset=\"https:\/\/fedorawines.com\/wp-content\/uploads\/2025\/08\/illustration1.png 238w, https:\/\/fedorawines.com\/wp-content\/uploads\/2025\/08\/illustration1-100x177.png 100w, https:\/\/fedorawines.com\/wp-content\/uploads\/2025\/08\/illustration1-170x300.png 170w\" sizes=\"(max-width: 238px) 100vw, 238px\" \/>\t\t\t\t\t\t\t\t\t\t\t\t\t\t\t<\/div>\n\t\t\t\t\t<\/div>\n\t\t\t\t<\/div>\n\t\t<div class=\"elementor-element elementor-element-3b7afde e-flex e-con-boxed neuron-fixed-no e-con e-parent\" data-id=\"3b7afde\" data-element_type=\"container\" data-e-type=\"container\">\n\t\t\t\t\t<div class=\"e-con-inner\">\n\t\t<div class=\"elementor-element elementor-element-76f4bb6 e-con-full e-flex neuron-fixed-no e-con e-child\" data-id=\"76f4bb6\" data-element_type=\"container\" data-e-type=\"container\">\n\t\t\t\t<div class=\"elementor-element elementor-element-fa30e5e elementor-widget elementor-widget-text-editor\" data-id=\"fa30e5e\" data-element_type=\"widget\" data-e-type=\"widget\" data-widget_type=\"text-editor.default\">\n\t\t\t\t\t\t\t\t\t<p>Trgovina in degustacija vin<\/p>\t\t\t\t\t\t\t\t<\/div>\n\t\t\t\t<div class=\"elementor-element elementor-element-96564e1 elementor-widget elementor-widget-text-editor\" data-id=\"96564e1\" data-element_type=\"widget\" data-e-type=\"widget\" data-widget_type=\"text-editor.default\">\n\t\t\t\t\t\t\t\t\t<p>Vljudno vas vabimo, da obi\u0161\u010dete na\u0161o trgovinico na posestvu, kjer lahko odkrijete na\u0161a vina in jih kupite neposredno pri nas.<\/p><p>Na\u0161a trgovina je obi\u010dajno odprta vsak dan od 10.00 do 19.00.<\/p><p>Ker smo pogosto zaposleni v vinogradu ali v kleti, vam priporo\u010damo, da nas pred obiskom kontaktirate in preverite, ali smo doma \u2014 ali pa nam sporo\u010dite, da ste na poti, da se lahko iz vinograda spustimo do trgovine in vas ustrezno sprejmemo.<\/p><p>Dosegljivi smo na <a href=\"mailto:fedorawines@gmail.com\">fedorawines@gmail.com <\/a>ali na WhatsAppu: +386 41 867 286.<\/p>\t\t\t\t\t\t\t\t<\/div>\n\t\t\t\t<\/div>\n\t\t\t\t\t<\/div>\n\t\t\t\t<\/div>\n\t\t<div class=\"elementor-element elementor-element-05d0ed7 e-flex e-con-boxed neuron-fixed-no e-con e-parent\" data-id=\"05d0ed7\" data-element_type=\"container\" data-e-type=\"container\">\n\t\t\t\t\t<div class=\"e-con-inner\">\n\t\t\t\t<div class=\"elementor-element elementor-element-24ebf25 elementor-widget elementor-widget-google_maps\" data-id=\"24ebf25\" data-element_type=\"widget\" data-e-type=\"widget\" data-widget_type=\"google_maps.default\">\n\t\t\t\t\t\t\t<div class=\"elementor-custom-embed\">\n\t\t\t<iframe loading=\"lazy\"\n\t\t\t\t\tsrc=\"https:\/\/maps.google.com\/maps?q=Dolanci%206%2C%206222%20%C5%A0tanjel%2C%20Slovenija&#038;t=m&#038;z=15&#038;output=embed&#038;iwloc=near\"\n\t\t\t\t\ttitle=\"Dolanci 6, 6222 \u0160tanjel, Slovenija\"\n\t\t\t\t\taria-label=\"Dolanci 6, 6222 \u0160tanjel, Slovenija\"\n\t\t\t><\/iframe>\n\t\t<\/div>\n\t\t\t\t\t\t<\/div>\n\t\t\t\t\t<\/div>\n\t\t\t\t<\/div>\n\t\t\t\t<\/div>\n\t\t","protected":false},"excerpt":{"rendered":"<p>Obi\u0161\u010dite nas Trgovina in degustacija vin Vljudno vas vabimo, da obi\u0161\u010dete na\u0161o trgovinico na posestvu, kjer lahko odkrijete&#8230;<\/p>\n","protected":false},"author":1,"featured_media":0,"parent":0,"menu_order":0,"comment_status":"closed","ping_status":"closed","template":"elementor_header_footer","meta":{"_acf_changed":false,"_monsterinsights_skip_tracking":false,"_monsterinsights_sitenote_active":false,"_monsterinsights_sitenote_note":"","_monsterinsights_sitenote_category":0,"footnotes":""},"class_list":["post-31892","page","type-page","status-publish","hentry"],"acf":[],"aioseo_notices":[],"_links":{"self":[{"href":"https:\/\/fedorawines.com\/sl\/wp-json\/wp\/v2\/pages\/31892","targetHints":{"allow":["GET"]}}],"collection":[{"href":"https:\/\/fedorawines.com\/sl\/wp-json\/wp\/v2\/pages"}],"about":[{"href":"https:\/\/fedorawines.com\/sl\/wp-json\/wp\/v2\/types\/page"}],"author":[{"embeddable":true,"href":"https:\/\/fedorawines.com\/sl\/wp-json\/wp\/v2\/users\/1"}],"replies":[{"embeddable":true,"href":"https:\/\/fedorawines.com\/sl\/wp-json\/wp\/v2\/comments?post=31892"}],"version-history":[{"count":5,"href":"https:\/\/fedorawines.com\/sl\/wp-json\/wp\/v2\/pages\/31892\/revisions"}],"predecessor-version":[{"id":31903,"href":"https:\/\/fedorawines.com\/sl\/wp-json\/wp\/v2\/pages\/31892\/revisions\/31903"}],"wp:attachment":[{"href":"https:\/\/fedorawines.com\/sl\/wp-json\/wp\/v2\/media?parent=31892"}],"curies":[{"name":"wp","href":"https:\/\/api.w.org\/{rel}","templated":true}]}}