{"id":31950,"date":"2026-01-09T14:34:49","date_gmt":"2026-01-09T14:34:49","guid":{"rendered":"https:\/\/fedorawines.com\/splosni-pogoji-poslovanja\/"},"modified":"2026-04-29T12:32:23","modified_gmt":"2026-04-29T12:32:23","slug":"splosni-pogoji-poslovanja","status":"publish","type":"page","link":"https:\/\/fedorawines.com\/sl\/splosni-pogoji-poslovanja\/","title":{"rendered":"Splo\u0161ni pogoji poslovanja"},"content":{"rendered":"\t\t<div data-elementor-type=\"wp-page\" data-elementor-id=\"31950\" class=\"elementor elementor-31950 elementor-30970\" data-elementor-post-type=\"page\">\n\t\t\t\t<div class=\"elementor-element elementor-element-3b7afde e-flex e-con-boxed neuron-fixed-no e-con e-parent\" data-id=\"3b7afde\" data-element_type=\"container\" data-e-type=\"container\">\n\t\t\t\t\t<div class=\"e-con-inner\">\n\t\t<div class=\"elementor-element elementor-element-76f4bb6 e-con-full e-flex neuron-fixed-no e-con e-child\" data-id=\"76f4bb6\" data-element_type=\"container\" data-e-type=\"container\">\n\t\t\t\t<div class=\"elementor-element elementor-element-fa30e5e elementor-widget elementor-widget-text-editor\" data-id=\"fa30e5e\" data-element_type=\"widget\" data-e-type=\"widget\" data-widget_type=\"text-editor.default\">\n\t\t\t\t\t\t\t\t\t<p>Splo\u0161ni pogoji poslovanja<\/p>\t\t\t\t\t\t\t\t<\/div>\n\t\t\t\t<div class=\"elementor-element elementor-element-96564e1 elementor-widget elementor-widget-text-editor\" data-id=\"96564e1\" data-element_type=\"widget\" data-e-type=\"widget\" data-widget_type=\"text-editor.default\">\n\t\t\t\t\t\t\t\t\t<ol><li><h5><strong>Splo\u0161ne dolo\u010dbe in definicije<\/strong><\/h5><\/li><\/ol><p>Prodajalec je Fedora d. o. o., Dolanci 6, 6222 \u0160tanjel, Slovenija.<\/p><p>Kupec je vsaka fizi\u010dna ali pravna oseba, ki s prodajalcem sklene kupoprodajno pogodbo, odda naro\u010dilo ustno ali pisno ali ob nakupu prejme ra\u010dun, izdan s strani prodajalca.<\/p><p>Z oddajo naro\u010dila kupec potrjuje, da sprejema te splo\u0161ne pogoje poslovanja. Tako kupec kot prodajalec sta zavezana tem pogojem. <\/p><p>Kupoprodajna pogodba je sklenjena na sede\u017eu prodajalca in je kupcu na voljo na zahtevo, prav tako pristojnim nadzornim organom.<\/p><p>Kupec ima pravico do odstopa od pogodbe v roku 14 dni od prejema blaga, skladno z veljavno zakonodajo o varstvu potro\u0161nikov. Blago mora biti vrnjeno nepo\u0161kodovano in v skladu s pogoji iz teh splo\u0161nih pogojev. <\/p><p> <\/p><ol start=\"2\"><li><h5><strong>Naro\u010danje blaga \/ Sklenitev pogodbe<\/strong><\/h5><\/li><\/ol><p>Naro\u010dila je mogo\u010de oddati preko spletne trgovine fedorawines.com, ki je dostopna 24 ur na dan, 7 dni v tednu.<\/p><p>Kupec lahko izbira med vsemi izdelki, objavljenimi v spletni trgovini. \u010ce izdelek trenutno ni na voljo, lahko kupec po\u0161lje povpra\u0161evanje na fedorawines@gmail.com ali pokli\u010de na +386 41 867 286, prodajalec pa bo posredoval informacije o mo\u017eni dobavi. <\/p><p>Vse cene veljajo do objave novih cen na spletni strani. Vse cene so navedene v EUR in vklju\u010dujejo DDV (22 %). <\/p><p>Izdelke dostavlja GLS d. o. o.  <\/p><p>Kupec lahko izdelke pregleduje in naro\u010da na spletni strani fedorawines.com.<\/p><p>S klikom na gumb \u00bbZaklju\u010di naro\u010dilo\u00ab kupec potrjuje, da je v celoti seznanjen s temi splo\u0161nimi pogoji in jih sprejema.<\/p><p>Nakup v spletni trgovini je lahko pogojen z registracijo na fedorawines.com.<\/p><p>S klikom na \u00bbDodaj v ko\u0161arico\u00ab kupec potrjuje:<\/p><p>da je polnoleten v skladu z veljavno zakonodajo za nakup alkoholnih pija\u010d;<\/p><p>da ima popolno poslovno sposobnost.<\/p><p>Prodaja alkoholnih pija\u010d mladoletnim osebam je prepovedana. Kupec mora biti ob nakupu polnoleten. \u010ce ta pogoj ni izpolnjen, se pogodba \u0161teje za ni\u010dno.  <\/p><p>Po oddaji naro\u010dila kupec prejme e-po\u0161tno sporo\u010dilo s podrobnostmi naro\u010dila in dostave.<\/p><p> <\/p><p><strong>Postopek nakupa<\/strong><\/p><p>Na spletni strani fedorawines.com so prikazane cene izdelkov z vklju\u010denim DDV.<\/p><p>Za nakup mora kupec klikniti na gumb \u00bbDodaj v ko\u0161arico\u00ab. Ko\u0161arica prikazuje izdelke, ki jih je kupec dodal med obiskom spletne trgovine. Izdelek lahko odstrani s klikom na kri\u017eec ob izdelku.  <\/p><p>Naro\u010dilo zaklju\u010di s klikom na gumb \u00bbKupi zdaj\u00ab.<\/p><p>\u010ce kupec ni prijavljen ali registriran, mora vnesti podatke za dostavo in izbrati na\u010din pla\u010dila: ban\u010dno nakazilo, pla\u010dilo po povzetju, PayPal ali kreditna kartica. <\/p><p>\u010ce je naro\u010dilo uspe\u0161no zaklju\u010deno, se prika\u017ee sporo\u010dilo: \u00bbHvala. Va\u0161e naro\u010dilo je sprejeto.\u00ab Kupec prejme tudi potrditveno e-po\u0161to. <\/p><p> <\/p><p><strong>Potrditev naro\u010dila<\/strong><\/p><p>Po oddaji naro\u010dila kupec prejme e-po\u0161to s podrobnostmi naro\u010dila na naslov, naveden ob nakupu. V sporo\u010dilu je navedeno tudi, da se lahko za dodatna vpra\u0161anja obrne na fedorawines@gmail.com. <\/p><p>Kupec lahko naro\u010dilo prekli\u010de v roku dveh ur po oddaji. Po tem \u010dasu preklic morda ne bo ve\u010d mogo\u010d, \u010de je obdelava \u017ee v teku. <\/p><p> <\/p><p><strong>Spremembe naro\u010dila<\/strong><\/p><p>\u010ce \u017eeli kupec spremeniti \u017ee oddano naro\u010dilo, lahko odgovori neposredno na potrditveno e-po\u0161to ali nas kontaktira na fedorawines@gmail.com ali info@fedorawines.com.<\/p><p> <\/p><p><strong>Pogodba<\/strong><\/p><p>Kupoprodajna pogodba med prodajalcem in kupcem je sklenjena v trenutku zaklju\u010dka spletnega naro\u010dila. Od tega trenutka dalje so vse cene in pogoji zavezujo\u010di za obe strani.<\/p><p>Pogodba se hrani na sede\u017eu podjetja in je kupcu dostopna osebno, po po\u0161ti ali po e-po\u0161ti na zahtevo.<\/p><p> <\/p><p><strong>Status naro\u010dila<\/strong><\/p><p>Kupec je o statusu naro\u010dila obve\u0161\u010den po e-po\u0161ti. Vsaka sprememba statusa je sporo\u010dena na e-naslov, naveden ob naro\u010dilu. <\/p><p>\u010ce kateri izmed izdelkov ni na voljo, kupec prejme posebno obvestilo. Priporo\u010damo redno preverjanje e-po\u0161te. <\/p><p> <\/p><ol start=\"3\"><li><h5><strong> Cene in pla\u010dilo<\/strong><\/h5><\/li><\/ol><p>Vse cene so navedene v EUR (\u20ac) in vklju\u010dujejo DDV.<\/p><p>Na voljo so naslednji na\u010dini pla\u010dila:<\/p><ul><li>pla\u010dilo po povzetju (GLS),<\/li><li>predpla\u010dilo z ban\u010dnim nakazilom,<\/li><li>kreditna kartica (Visa, Mastercard),<\/li><li>PayPal.<\/li><\/ul><p>Pla\u010dila s kartico se izvajajo preko sistema Stripe. Ve\u010d informacij na www.stripe.com. <\/p><p> <\/p><ol start=\"4\"><li><h5><strong> Spletne cene<\/strong><\/h5><\/li><\/ol><p>Cene v spletni trgovini veljajo samo za spletne nakupe in se lahko razlikujejo od cen v fizi\u010dnih trgovinah ali drugih prodajnih kanalih.<\/p><p>Pridr\u017eujemo si pravico do spremembe cen brez predhodnega obvestila. V primeru o\u010ditne napake v ceni si prodajalec pridr\u017euje pravico do preklica naro\u010dila ali ponudbe nakupa pod pravilnimi pogoji.  <\/p><p> <\/p><ol start=\"5\"><li><h5><strong> Na\u010dini pla\u010dila<\/strong><\/h5><\/li><\/ol><p>Mo\u017eni so slede\u010di na\u010dini pla\u010dila:<\/p><p><u>Pla\u010dilo po povzetju \/ kartica ob dostavi<br><\/u><\/p><p>Kupec pla\u010da ob prevzemu blaga dostavljavcu, z gotovino ali kartico (kjer je omogo\u010deno).<\/p><p><u>Predpla\u010dilo (ban\u010dno nakazilo)<\/u><\/p><p>Kupec prejme ra\u010dun po e-po\u0161ti in ga poravna z nakazilom. Blago je odposlano po prejemu pla\u010dila.  <\/p><p><u>PayPal<\/u><\/p><p>Kupec pla\u010dilo izvede preko varne PayPal strani. Po potrditvi pla\u010dila se blago odpo\u0161lje. Ra\u010dun kupec prejme na navedeni naslov ali e-po\u0161to. <\/p><p> <\/p><ol start=\"6\"><li><h5><strong> Pogoji dostave<\/strong><\/h5><\/li><\/ol><p>Blago, ki je na zalogi, je odposlano najkasneje v 5 delovnih dneh po oddaji naro\u010dila, razen \u010de ni navedeno druga\u010de.<\/p><p>Stro\u0161ki dostave se obra\u010dunajo po veljavnem ceniku.<\/p><p> <\/p><ol start=\"7\"><li><h5><strong> Nedobavljivi izdelki<\/strong><\/h5><\/li><\/ol><p>V izjemnih primerih se lahko zgodi, da dolo\u010denih izdelkov ni mogo\u010de dobaviti.<\/p><p>V takem primeru kupca nemudoma obvestimo in se dogovorimo za ustrezno re\u0161itev (zamenjava, delna dobava, zamik ali vra\u010dilo kupnine).<\/p><p> <\/p><ol start=\"8\"><li><h5><strong> Varstvo osebnih podatkov<\/strong><\/h5><\/li><\/ol><p>Za poslovne namene lahko prodajalec zbira naslednje osebne podatke:<\/p><ul><li>ime in priimek,<\/li><li>naslov in kraj bivanja,<\/li><li>e-po\u0161tni naslov,<\/li><li>uporabni\u0161ko ime,<\/li><li>geslo (v za\u0161\u010diteni obliki),<\/li><li>telefonska \u0161tevilka,<\/li><li>leto rojstva,<\/li><li>drugi podatki, vneseni v obrazce na fedorawines.com.<\/li><\/ul><p> <\/p><p>Prodajalec se zavezuje, da bo osebne podatke obdeloval v skladu z veljavno slovensko in EU zakonodajo.<\/p><p>Podatki se zbirajo neposredno od kupca in se ne posredujejo tretjim osebam, razen \u010de je to nujno za izvedbo naro\u010dila ali zahtevano z zakonom. <\/p><p>Prodajalec kupca ne bo kontaktiral brez njegovega soglasja, razen v zvezi z naro\u010dilom.<\/p><p>Spletna stran je za\u0161\u010ditena z ustreznimi varnostnimi ukrepi. Prodajalec si prizadeva za\u0161\u010dititi podatke, vendar ne odgovarja za izgubo ali zlorabo, razen v primeru lastne malomarnosti.  <\/p><p>Prodajalec lahko hrani IP naslove in dodatne podatke registriranih uporabnikov, kot so:<\/p><ul><li>ime in priimek,<\/li><li>e-po\u0161tni naslov,<\/li><li>telefonska \u0161tevilka,<\/li><li>stalni naslov,<\/li><li>dostavni naslov,<\/li><li>datum in \u010das registracije,<\/li><li>komunikacija s prodajalcem.<\/li><\/ul><p>Podatki se uporabljajo izklju\u010dno za izvedbo naro\u010dil, komunikacijo, izdajo ra\u010dunov in podporo.<\/p><p>Ob soglasju kupca se lahko podatki uporabljajo tudi za neposredno tr\u017eenje in analizo nakupnih navad. Kupec lahko kadarkoli zahteva prenehanje uporabe podatkov za te namene. <\/p><p>Osebni podatki nikoli ne bodo posredovani nepoobla\u0161\u010denim osebam ali uporabljeni za druge namene brez izrecnega soglasja kupca ali zakonske podlage.<\/p>\t\t\t\t\t\t\t\t<\/div>\n\t\t\t\t<\/div>\n\t\t\t\t\t<\/div>\n\t\t\t\t<\/div>\n\t\t\t\t<\/div>\n\t\t","protected":false},"excerpt":{"rendered":"<p>Splo\u0161ni pogoji poslovanja Splo\u0161ne dolo\u010dbe in definicije Prodajalec je Fedora d. o. o., Dolanci 6, 6222 \u0160tanjel, Slovenija&#8230;.<\/p>\n","protected":false},"author":1,"featured_media":0,"parent":0,"menu_order":0,"comment_status":"closed","ping_status":"closed","template":"elementor_header_footer","meta":{"_acf_changed":false,"_monsterinsights_skip_tracking":false,"_monsterinsights_sitenote_active":false,"_monsterinsights_sitenote_note":"","_monsterinsights_sitenote_category":0,"footnotes":""},"class_list":["post-31950","page","type-page","status-publish","hentry"],"acf":[],"aioseo_notices":[],"_links":{"self":[{"href":"https:\/\/fedorawines.com\/sl\/wp-json\/wp\/v2\/pages\/31950","targetHints":{"allow":["GET"]}}],"collection":[{"href":"https:\/\/fedorawines.com\/sl\/wp-json\/wp\/v2\/pages"}],"about":[{"href":"https:\/\/fedorawines.com\/sl\/wp-json\/wp\/v2\/types\/page"}],"author":[{"embeddable":true,"href":"https:\/\/fedorawines.com\/sl\/wp-json\/wp\/v2\/users\/1"}],"replies":[{"embeddable":true,"href":"https:\/\/fedorawines.com\/sl\/wp-json\/wp\/v2\/comments?post=31950"}],"version-history":[{"count":1,"href":"https:\/\/fedorawines.com\/sl\/wp-json\/wp\/v2\/pages\/31950\/revisions"}],"predecessor-version":[{"id":31951,"href":"https:\/\/fedorawines.com\/sl\/wp-json\/wp\/v2\/pages\/31950\/revisions\/31951"}],"wp:attachment":[{"href":"https:\/\/fedorawines.com\/sl\/wp-json\/wp\/v2\/media?parent=31950"}],"curies":[{"name":"wp","href":"https:\/\/api.w.org\/{rel}","templated":true}]}}