{"id":31952,"date":"2026-01-09T14:39:47","date_gmt":"2026-01-09T14:39:47","guid":{"rendered":"https:\/\/fedorawines.com\/informacije-o-dostavi\/"},"modified":"2026-04-29T12:38:43","modified_gmt":"2026-04-29T12:38:43","slug":"informacije-o-dostavi","status":"publish","type":"page","link":"https:\/\/fedorawines.com\/sl\/informacije-o-dostavi\/","title":{"rendered":"Informacije o dostavi"},"content":{"rendered":"\t\t<div data-elementor-type=\"wp-page\" data-elementor-id=\"31952\" class=\"elementor elementor-31952 elementor-30979\" data-elementor-post-type=\"page\">\n\t\t\t\t<div class=\"elementor-element elementor-element-3b7afde e-flex e-con-boxed neuron-fixed-no e-con e-parent\" data-id=\"3b7afde\" data-element_type=\"container\" data-e-type=\"container\">\n\t\t\t\t\t<div class=\"e-con-inner\">\n\t\t<div class=\"elementor-element elementor-element-76f4bb6 e-con-full e-flex neuron-fixed-no e-con e-child\" data-id=\"76f4bb6\" data-element_type=\"container\" data-e-type=\"container\">\n\t\t\t\t<div class=\"elementor-element elementor-element-fa30e5e elementor-widget elementor-widget-text-editor\" data-id=\"fa30e5e\" data-element_type=\"widget\" data-e-type=\"widget\" data-widget_type=\"text-editor.default\">\n\t\t\t\t\t\t\t\t\t<p>Dostava in dostavni roki<\/p>\t\t\t\t\t\t\t\t<\/div>\n\t\t\t\t<div class=\"elementor-element elementor-element-96564e1 elementor-widget elementor-widget-text-editor\" data-id=\"96564e1\" data-element_type=\"widget\" data-e-type=\"widget\" data-widget_type=\"text-editor.default\">\n\t\t\t\t\t\t\t\t\t<p>Vsa va\u0161a spletna naro\u010dila obdeluje na\u0161 dostavni partner GLS. Naro\u010dila so obi\u010dajno dostavljena v 1\u20135 delovnih dneh po oddaji naro\u010dila. <\/p><p>\u010ce je posamezno vino vidno v na\u0161i spletni trgovini, to pomeni, da je trenutno na zalogi. \u010ce je slu\u010dajno vino razprodano, vas bomo o tem obvestili po e-po\u0161ti. <\/p><p>Ker izvajamo optimizacijo pakiranja in stro\u0161kov dostave, vino pakiramo v \u0161katle po 6 ali 12 steklenic, zato je naro\u010dila mogo\u010de oddati le v koli\u010dinah 6, 12, 18, 24 ali 36 steklenic. Sestavite si lahko me\u0161ane pakete z razli\u010dnimi vini. <\/p><p>Za naro\u010dila nad 36 steklenic nas kontaktirajte.<\/p><p>Dostavo vina lahko prevzamejo le osebe, ki so polnoletne (18+).<\/p><p>\u010ce imate kakr\u0161nakoli vpra\u0161anja ali naletite na te\u017eave, nas kontaktirajte na zgoraj navedene podatke. Odgovorili vam bomo v najkraj\u0161em mo\u017enem \u010dasu. <\/p><p>Dostavljamo v spodaj navedene dr\u017eave EU. Za vse ostale destinacije nas kontaktirajte na: fedorawines@gmail.com <\/p>\t\t\t\t\t\t\t\t<\/div>\n\t\t\t\t<div class=\"elementor-element elementor-element-99941e7 elementor-widget elementor-widget-text-editor\" data-id=\"99941e7\" data-element_type=\"widget\" data-e-type=\"widget\" data-widget_type=\"text-editor.default\">\n\t\t\t\t\t\t\t\t\t<h5><strong>Stro\u0161ki in \u010dasi dostave<\/strong><\/h5><p> <\/p><p><strong>1) Slovenija<\/strong><\/p><p>1 paket (6 steklenic): 4,00 \u20ac<\/p><p>1 paket (12 steklenic): 6,00 \u20ac<\/p><p>Dobavni rok: 1\u20133 delovne dni<\/p><p> <\/p><p><strong>2) Avstrija, Nem\u010dija, Luksemburg, Belgija, Nizozemska<\/strong><\/p><p>1 paket (6 steklenic): 15 \u20ac<\/p><p>1 paket (12 steklenic): 20 \u20ac<\/p><p>Dobavni rok: 2\u20135 delovnih dni<\/p><p> <\/p><p><strong>3) Italija, Danska<\/strong><\/p><p>1 paket (6 steklenic): 17 \u20ac<\/p><p>1 paket (12 steklenic): 22 \u20ac<\/p><p>Dobavni rok: 2\u20135 delovnih dni<\/p><p> <\/p><p><strong>4) Mad\u017earska, Francija, Poljska, \u010ce\u0161ka, Slova\u0161ka, Litva, Monako, Gibraltar<\/strong><\/p><p>1 paket (6 steklenic): 20 \u20ac<\/p><p>1 paket (12 steklenic): 25 \u20ac<\/p><p>Dobavni rok: 2\u20135 delovnih dni<\/p><p> <\/p><p><strong>5) Romunija, \u0160panija, \u0160vedska, Estonija, Latvija, Finska, Srbija<\/strong><\/p><p>1 paket (6 steklenic): 30 \u20ac<\/p><p>1 paket (12 steklenic): 35 \u20ac<\/p><p>Dobavni rok: 3\u20136 delovnih dni<\/p><p> <\/p><p><strong>6) Portugalska, \u0160vica, Gr\u010dija, Irska, Tur\u010dija<\/strong><\/p><p>1 paket (6 steklenic): 35 \u20ac<\/p><p>1 paket (12 steklenic): 40 \u20ac<\/p><p>Dobavni rok: 4\u20138 delovnih dni<\/p><p> <\/p><p><strong>7) Hrva\u0161ka<\/strong><\/p><p>1 paket (6 steklenic): 12 \u20ac<\/p><p>1 paket (12 steklenic): 17 \u20ac<\/p><p>Dobavni rok: 2\u20136 delovnih dni<\/p><p> <\/p><p><strong>Kontakt<\/strong><\/p><p>Dolanci 6<\/p><p>6222 \u0160tanjel, Slovenia<\/p><p>\ud83d\udcde +386 41 867 286<\/p><p>\u2709\ufe0f info@fedorawines.com<\/p>\t\t\t\t\t\t\t\t<\/div>\n\t\t\t\t<\/div>\n\t\t\t\t\t<\/div>\n\t\t\t\t<\/div>\n\t\t\t\t<\/div>\n\t\t","protected":false},"excerpt":{"rendered":"<p>Dostava in dostavni roki Vsa va\u0161a spletna naro\u010dila obdeluje na\u0161 dostavni partner GLS. Naro\u010dila so obi\u010dajno dostavljena v&#8230;<\/p>\n","protected":false},"author":1,"featured_media":0,"parent":0,"menu_order":0,"comment_status":"closed","ping_status":"closed","template":"elementor_header_footer","meta":{"_acf_changed":false,"_monsterinsights_skip_tracking":false,"_monsterinsights_sitenote_active":false,"_monsterinsights_sitenote_note":"","_monsterinsights_sitenote_category":0,"footnotes":""},"class_list":["post-31952","page","type-page","status-publish","hentry"],"acf":[],"aioseo_notices":[],"_links":{"self":[{"href":"https:\/\/fedorawines.com\/sl\/wp-json\/wp\/v2\/pages\/31952","targetHints":{"allow":["GET"]}}],"collection":[{"href":"https:\/\/fedorawines.com\/sl\/wp-json\/wp\/v2\/pages"}],"about":[{"href":"https:\/\/fedorawines.com\/sl\/wp-json\/wp\/v2\/types\/page"}],"author":[{"embeddable":true,"href":"https:\/\/fedorawines.com\/sl\/wp-json\/wp\/v2\/users\/1"}],"replies":[{"embeddable":true,"href":"https:\/\/fedorawines.com\/sl\/wp-json\/wp\/v2\/comments?post=31952"}],"version-history":[{"count":1,"href":"https:\/\/fedorawines.com\/sl\/wp-json\/wp\/v2\/pages\/31952\/revisions"}],"predecessor-version":[{"id":31953,"href":"https:\/\/fedorawines.com\/sl\/wp-json\/wp\/v2\/pages\/31952\/revisions\/31953"}],"wp:attachment":[{"href":"https:\/\/fedorawines.com\/sl\/wp-json\/wp\/v2\/media?parent=31952"}],"curies":[{"name":"wp","href":"https:\/\/api.w.org\/{rel}","templated":true}]}}